{"id":233,"date":"2024-10-12T11:17:37","date_gmt":"2024-10-12T09:17:37","guid":{"rendered":"https:\/\/ezc-france.com\/shop\/?page_id=233"},"modified":"2024-10-12T11:19:16","modified_gmt":"2024-10-12T09:19:16","slug":"mention-legales","status":"publish","type":"page","link":"https:\/\/ezc-france.com\/shop\/mention-legales\/","title":{"rendered":"Mentions l\u00e9gales"},"content":{"rendered":"<p>&nbsp;<\/p><p><strong><mark class=\"has-inline-color has-luminous-vivid-amber-color\" style=\"background-color: rgba(0, 0, 0, 0);\">Identification de l\u2019\u00e9diteur et de l\u2019h\u00e9bergeur du site<\/mark><\/strong><\/p><div style=\"height:27px\" aria-hidden=\"true\" class=\"wp-block-spacer\"><\/div><p><mark class=\"has-inline-color has-white-color\" style=\"background-color: rgba(0, 0, 0, 0);\"><strong>\u00c9diteur<\/strong> :<\/mark><\/p><p><mark class=\"has-inline-color has-white-color\" style=\"background-color: rgba(0, 0, 0, 0);\">Le pr\u00e9sent site est \u00e9dit\u00e9 par la soci\u00e9t\u00e9 <strong>EZ<\/strong><\/mark><strong><mark class=\"has-inline-color has-luminous-vivid-amber-color\" style=\"background-color: rgba(0, 0, 0, 0);\">C <\/mark><\/strong><mark class=\"has-inline-color has-white-color\" style=\"background-color: rgba(0, 0, 0, 0);\"><strong>FRANCE<\/strong>,<\/mark><\/p><p><mark class=\"has-inline-color has-white-color\" style=\"background-color: rgba(0, 0, 0, 0);\">Soci\u00e9t\u00e9 par Actions Simplifi\u00e9e (SAS) au capital social de <strong>1 000,00 euros<\/strong>,<\/mark><\/p><p><mark class=\"has-inline-color has-white-color\" style=\"background-color: rgba(0, 0, 0, 0);\">Immatricul\u00e9e au <strong>Registre du Commerce et des Soci\u00e9t\u00e9s (RCS) de Paris sous le num\u00e9ro 931 287 494<\/strong>.<\/mark><\/p><p><mark class=\"has-inline-color has-white-color\" style=\"background-color: rgba(0, 0, 0, 0);\">Si\u00e8ge social : <strong>60 rue Fran\u00e7ois 1er, 75008 Paris, France<\/strong>.<\/mark><\/p><p>E-mail : <strong>contact@ezc-france.com<\/strong><\/p><p><strong><mark class=\"has-inline-color has-luminous-vivid-amber-color\" style=\"background-color: rgba(0, 0, 0, 0);\">H\u00e9bergement du site<\/mark><\/strong><\/p><p><mark class=\"has-inline-color has-white-color\" style=\"background-color: rgba(0, 0, 0, 0);\">Le site est h\u00e9berg\u00e9 par <strong>O2Switch<\/strong>,<\/mark><\/p><p><mark class=\"has-inline-color has-white-color\" style=\"background-color: rgba(0, 0, 0, 0);\">Adresse : <strong>222 Boulevard Gustave Flaubert, 63000 Clermont-Ferrand, France<\/strong>.<\/mark><\/p><p><mark class=\"has-inline-color has-white-color\" style=\"background-color: rgba(0, 0, 0, 0);\">Site web : <\/mark><a href=\"https:\/\/www.o2switch.fr\/hebergement-illimite\/?gad_source=1&amp;gclid=Cj0KCQjw6oi4BhD1ARIsAL6pox2xtEwoHHjT6nGdmaD8LlnUtZPaFKp0wxtTRb74ea3yt__pjwawgdcaAgG-EALw_wcB\">www.o2switch.fr<\/a>.<\/p><div style=\"height:32px\" aria-hidden=\"true\" class=\"wp-block-spacer\"><\/div><p><strong><mark class=\"has-inline-color has-luminous-vivid-amber-color\" style=\"background-color: rgba(0, 0, 0, 0);\">Activit\u00e9s<\/mark><\/strong><\/p><p><mark class=\"has-inline-color has-white-color\" style=\"background-color: rgba(0, 0, 0, 0);\">La soci\u00e9t\u00e9 EZ<\/mark><mark class=\"has-inline-color has-luminous-vivid-amber-color\" style=\"background-color: rgba(0, 0, 0, 0);\">C<\/mark> <mark class=\"has-inline-color has-white-color\" style=\"background-color: rgba(0, 0, 0, 0);\">France exerce les activit\u00e9s suivantes :<\/mark><\/p><p><br><mark class=\"has-inline-color has-white-color\" style=\"background-color: rgba(0, 0, 0, 0);\">\u2022 Production de vid\u00e9os et de contenu en ligne<\/mark><\/p><p><mark class=\"has-inline-color has-white-color\" style=\"background-color: rgba(0, 0, 0, 0);\">\u2022 Vente en ligne de produits et accessoires.<\/mark><\/p><p><mark class=\"has-inline-color has-white-color\" style=\"background-color: rgba(0, 0, 0, 0);\">\u2022 Formation non continue en ligne dans le domaine des produits digitaux.<\/mark><\/p><div style=\"height:34px\" aria-hidden=\"true\" class=\"wp-block-spacer\"><\/div><p><strong><mark class=\"has-inline-color has-luminous-vivid-amber-color\" style=\"background-color: rgba(0, 0, 0, 0);\">Propri\u00e9t\u00e9 intellectuelle<\/mark><\/strong><\/p><p><mark class=\"has-inline-color has-white-color\" style=\"background-color: rgba(0, 0, 0, 0);\">L\u2019ensemble des contenus pr\u00e9sents sur ce site, incluant, de mani\u00e8re non limitative, les textes, graphismes, images, et logos, sont la propri\u00e9t\u00e9 exclusive de <strong>EZ<\/strong><\/mark><strong><mark class=\"has-inline-color has-luminous-vivid-amber-color\" style=\"background-color: rgba(0, 0, 0, 0);\">C<\/mark> <\/strong><mark class=\"has-inline-color has-white-color\" style=\"background-color: rgba(0, 0, 0, 0);\"><strong>France<\/strong>, sauf mention contraire. Toute reproduction, distribution, modification, adaptation, retransmission ou publication de ces diff\u00e9rents \u00e9l\u00e9ments est strictement interdite sans l\u2019accord expr\u00e8s par \u00e9crit de <strong>EZ<\/strong><\/mark><strong><mark class=\"has-inline-color has-luminous-vivid-amber-color\" style=\"background-color: rgba(0, 0, 0, 0);\">C<\/mark><\/strong><mark class=\"has-inline-color has-white-color\" style=\"background-color: rgba(0, 0, 0, 0);\"><strong> France<\/strong>.<\/mark><\/p><div style=\"height:34px\" aria-hidden=\"true\" class=\"wp-block-spacer\"><\/div><p><strong><mark class=\"has-inline-color has-luminous-vivid-amber-color\" style=\"background-color: rgba(0, 0, 0, 0);\">Donn\u00e9es personnelles<\/mark><\/strong><\/p><p><mark class=\"has-inline-color has-white-color\" style=\"background-color: rgba(0, 0, 0, 0);\">Conform\u00e9ment \u00e0 la loi \u201cInformatique et Libert\u00e9s\u201d du 6 janvier 1978 modifi\u00e9e et au r\u00e8glement g\u00e9n\u00e9ral sur la protection des donn\u00e9es (RGPD), vous disposez d\u2019un droit d\u2019acc\u00e8s, de rectification, de suppression et d\u2019opposition aux donn\u00e9es personnelles vous concernant. Pour exercer ce droit, vous pouvez nous contacter par email \u00e0 l\u2019adresse suivante : <strong>contact@ezc-france.com<\/strong>.<\/mark><\/p><p>&nbsp;<\/p><div style=\"height:42px\" aria-hidden=\"true\" class=\"wp-block-spacer\"><\/div><p><mark class=\"has-inline-color has-white-color\" style=\"background-color: rgba(0, 0, 0, 0);\">L&rsquo;\u00e9quipe EZ<\/mark><mark class=\"has-inline-color has-luminous-vivid-amber-color\" style=\"background-color: rgba(0, 0, 0, 0);\">C<\/mark> \u2764\ufe0f<\/p><p>&nbsp;<\/p>","protected":false},"excerpt":{"rendered":"<p>&nbsp; Identification de l\u2019\u00e9diteur et de l\u2019h\u00e9bergeur du site \u00c9diteur : Le pr\u00e9sent site est \u00e9dit\u00e9 par la soci\u00e9t\u00e9 EZC FRANCE, Soci\u00e9t\u00e9 par Actions Simplifi\u00e9e (SAS) au capital social de 1 000,00 euros, Immatricul\u00e9e au Registre du Commerce et des Soci\u00e9t\u00e9s (RCS) de Paris sous le num\u00e9ro 931 287 494. Si\u00e8ge social : 60 rue [&hellip;]<\/p>\n","protected":false},"author":1,"featured_media":0,"parent":0,"menu_order":0,"comment_status":"closed","ping_status":"closed","template":"","meta":{"footnotes":""},"class_list":["post-233","page","type-page","status-publish","hentry"],"jetpack_sharing_enabled":true,"_links":{"self":[{"href":"https:\/\/ezc-france.com\/shop\/wp-json\/wp\/v2\/pages\/233","targetHints":{"allow":["GET"]}}],"collection":[{"href":"https:\/\/ezc-france.com\/shop\/wp-json\/wp\/v2\/pages"}],"about":[{"href":"https:\/\/ezc-france.com\/shop\/wp-json\/wp\/v2\/types\/page"}],"author":[{"embeddable":true,"href":"https:\/\/ezc-france.com\/shop\/wp-json\/wp\/v2\/users\/1"}],"replies":[{"embeddable":true,"href":"https:\/\/ezc-france.com\/shop\/wp-json\/wp\/v2\/comments?post=233"}],"version-history":[{"count":4,"href":"https:\/\/ezc-france.com\/shop\/wp-json\/wp\/v2\/pages\/233\/revisions"}],"predecessor-version":[{"id":237,"href":"https:\/\/ezc-france.com\/shop\/wp-json\/wp\/v2\/pages\/233\/revisions\/237"}],"wp:attachment":[{"href":"https:\/\/ezc-france.com\/shop\/wp-json\/wp\/v2\/media?parent=233"}],"curies":[{"name":"wp","href":"https:\/\/api.w.org\/{rel}","templated":true}]}}