{"id":495,"date":"2024-11-24T12:28:39","date_gmt":"2024-11-24T11:28:39","guid":{"rendered":"https:\/\/ezc-france.com\/shop\/?page_id=495"},"modified":"2024-11-24T12:28:39","modified_gmt":"2024-11-24T11:28:39","slug":"495-2","status":"publish","type":"page","link":"https:\/\/ezc-france.com\/shop\/495-2\/","title":{"rendered":""},"content":{"rendered":"<h1 class=\"wp-block-heading\"><strong>Disclaimer &#8211; Avertissement<\/strong><\/h1><h3 class=\"wp-block-heading\"><strong>Avertissement sur les investissements<\/strong><\/h3><p>Le contenu de ce site, y compris les formations, les articles, les analyses, ou tout autre support propos\u00e9, est fourni \u00e0 titre informatif uniquement. Les informations partag\u00e9es refl\u00e8tent nos opinions personnelles et notre exp\u00e9rience, mais <strong>ne constituent en aucun cas des conseils en investissement, des recommandations financi\u00e8res ou des incitations \u00e0 acheter, vendre ou d\u00e9tenir un actif financier<\/strong>.<\/p><h3 class=\"wp-block-heading\"><strong>Responsabilit\u00e9 limit\u00e9e<\/strong><\/h3><p>Nous vous rappelons que les march\u00e9s financiers comportent des risques importants, incluant la possibilit\u00e9 de perdre tout ou partie de votre capital. Toute d\u00e9cision d\u2019investissement que vous prenez est faite en toute autonomie et sous votre enti\u00e8re responsabilit\u00e9. Par cons\u00e9quent, <strong>nous ne pouvons pas \u00eatre tenus responsables des pertes financi\u00e8res ou des mauvaises d\u00e9cisions<\/strong> qui pourraient d\u00e9couler de l\u2019utilisation des informations disponibles sur ce site.<\/p><p>Amicalement, l&rsquo;\u00e9quipe EZ<mark style=\"background-color:rgba(0, 0, 0, 0)\" class=\"has-inline-color has-luminous-vivid-amber-color\">C <\/mark>\u2764\ufe0f<\/p>","protected":false},"excerpt":{"rendered":"<p>Disclaimer &#8211; Avertissement Avertissement sur les investissements Le contenu de ce site, y compris les formations, les articles, les analyses, ou tout autre support propos\u00e9, est fourni \u00e0 titre informatif uniquement. Les informations partag\u00e9es refl\u00e8tent nos opinions personnelles et notre exp\u00e9rience, mais ne constituent en aucun cas des conseils en investissement, des recommandations financi\u00e8res ou [&hellip;]<\/p>\n","protected":false},"author":1,"featured_media":0,"parent":0,"menu_order":0,"comment_status":"closed","ping_status":"closed","template":"","meta":{"footnotes":""},"class_list":["post-495","page","type-page","status-publish","hentry"],"jetpack_sharing_enabled":true,"_links":{"self":[{"href":"https:\/\/ezc-france.com\/shop\/wp-json\/wp\/v2\/pages\/495","targetHints":{"allow":["GET"]}}],"collection":[{"href":"https:\/\/ezc-france.com\/shop\/wp-json\/wp\/v2\/pages"}],"about":[{"href":"https:\/\/ezc-france.com\/shop\/wp-json\/wp\/v2\/types\/page"}],"author":[{"embeddable":true,"href":"https:\/\/ezc-france.com\/shop\/wp-json\/wp\/v2\/users\/1"}],"replies":[{"embeddable":true,"href":"https:\/\/ezc-france.com\/shop\/wp-json\/wp\/v2\/comments?post=495"}],"version-history":[{"count":1,"href":"https:\/\/ezc-france.com\/shop\/wp-json\/wp\/v2\/pages\/495\/revisions"}],"predecessor-version":[{"id":496,"href":"https:\/\/ezc-france.com\/shop\/wp-json\/wp\/v2\/pages\/495\/revisions\/496"}],"wp:attachment":[{"href":"https:\/\/ezc-france.com\/shop\/wp-json\/wp\/v2\/media?parent=495"}],"curies":[{"name":"wp","href":"https:\/\/api.w.org\/{rel}","templated":true}]}}