{"id":356,"date":"2024-11-09T16:15:45","date_gmt":"2024-11-09T15:15:45","guid":{"rendered":"https:\/\/ezc-france.com\/shop\/produit\/mug-blanc-brillant-bitcoin-ezc\/"},"modified":"2024-11-10T11:16:55","modified_gmt":"2024-11-10T10:16:55","slug":"mug-blanc-brillant-bitcoin-ezc","status":"publish","type":"product","link":"https:\/\/ezc-france.com\/shop\/produit\/mug-blanc-brillant-bitcoin-ezc\/","title":{"rendered":"Mug Blanc Brillant Bitcoin EZC"},"content":{"rendered":"<p>Que ce soit pour boire votre caf\u00e9 du matin, votre th\u00e9 du soir ou m\u00eame un grog, cette tasse est faite pour vous\u00a0!<\/p>\n<p>\u2022 En c\u00e9ramique<br \/>\n\u2022 Passe au lave-vaisselle et au micro-ondes mais pas au lave linge sinon elle va se casser<\/p>\n","protected":false},"excerpt":{"rendered":"<p>Que ce soit pour boire votre caf\u00e9 du matin, votre th\u00e9 du soir ou m\u00eame un grog, cette tasse est faite pour vous\u00a0! \u2022 En c\u00e9ramique \u2022 Passe au lave-vaisselle et au micro-ondes mais pas au lave linge sinon elle va se casser<\/p>\n","protected":false},"featured_media":357,"comment_status":"open","ping_status":"closed","template":"","meta":[],"product_cat":[20],"product_tag":[27],"class_list":{"0":"post-356","1":"product","2":"type-product","3":"status-publish","4":"has-post-thumbnail","6":"product_cat-mug","7":"product_tag-mug","9":"first","10":"instock","11":"taxable","12":"shipping-taxable","13":"purchasable","14":"product-type-simple"},"jetpack_sharing_enabled":true,"_links":{"self":[{"href":"https:\/\/ezc-france.com\/shop\/wp-json\/wp\/v2\/product\/356","targetHints":{"allow":["GET"]}}],"collection":[{"href":"https:\/\/ezc-france.com\/shop\/wp-json\/wp\/v2\/product"}],"about":[{"href":"https:\/\/ezc-france.com\/shop\/wp-json\/wp\/v2\/types\/product"}],"replies":[{"embeddable":true,"href":"https:\/\/ezc-france.com\/shop\/wp-json\/wp\/v2\/comments?post=356"}],"wp:featuredmedia":[{"embeddable":true,"href":"https:\/\/ezc-france.com\/shop\/wp-json\/wp\/v2\/media\/357"}],"wp:attachment":[{"href":"https:\/\/ezc-france.com\/shop\/wp-json\/wp\/v2\/media?parent=356"}],"wp:term":[{"taxonomy":"product_cat","embeddable":true,"href":"https:\/\/ezc-france.com\/shop\/wp-json\/wp\/v2\/product_cat?post=356"},{"taxonomy":"product_tag","embeddable":true,"href":"https:\/\/ezc-france.com\/shop\/wp-json\/wp\/v2\/product_tag?post=356"}],"curies":[{"name":"wp","href":"https:\/\/api.w.org\/{rel}","templated":true}]}}