{"id":359,"date":"2024-11-09T16:27:14","date_gmt":"2024-11-09T15:27:14","guid":{"rendered":"https:\/\/ezc-france.com\/shop\/produit\/mug-brillant-noir-bitcoin-ezc\/"},"modified":"2024-11-10T11:16:46","modified_gmt":"2024-11-10T10:16:46","slug":"mug-brillant-noir-bitcoin-ezc","status":"publish","type":"product","link":"https:\/\/ezc-france.com\/shop\/produit\/mug-brillant-noir-bitcoin-ezc\/","title":{"rendered":"Mug brillant noir Bitcoin EZC"},"content":{"rendered":"<p>Cet essentiel de votre placard est robuste, \u00e9l\u00e9gant et parfait pour votre caf\u00e9 mais vous pouvez aussi boire du lait dedans <\/p>\n<p>\u2022 C\u00e9ramique<br \/>\n\u2022 Fini brillant<br \/>\n\u2022 Ne passe PAS au lave-vaisselle ou au micro-ondes on va pas le r\u00e9p\u00e9ter<br \/>\n\u2022 Lavage \u00e0 la main uniquement<\/p>\n","protected":false},"excerpt":{"rendered":"<p>Cet essentiel de votre placard est robuste, \u00e9l\u00e9gant et parfait pour votre caf\u00e9 mais vous pouvez aussi boire du lait dedans \u2022 C\u00e9ramique \u2022 Fini brillant \u2022 Ne passe PAS au lave-vaisselle ou au micro-ondes on va pas le r\u00e9p\u00e9ter \u2022 Lavage \u00e0 la main uniquement<\/p>\n","protected":false},"featured_media":360,"comment_status":"open","ping_status":"closed","template":"","meta":[],"product_cat":[20],"product_tag":[27],"class_list":{"0":"post-359","1":"product","2":"type-product","3":"status-publish","4":"has-post-thumbnail","6":"product_cat-mug","7":"product_tag-mug","9":"first","10":"instock","11":"taxable","12":"shipping-taxable","13":"purchasable","14":"product-type-simple"},"jetpack_sharing_enabled":true,"_links":{"self":[{"href":"https:\/\/ezc-france.com\/shop\/wp-json\/wp\/v2\/product\/359","targetHints":{"allow":["GET"]}}],"collection":[{"href":"https:\/\/ezc-france.com\/shop\/wp-json\/wp\/v2\/product"}],"about":[{"href":"https:\/\/ezc-france.com\/shop\/wp-json\/wp\/v2\/types\/product"}],"replies":[{"embeddable":true,"href":"https:\/\/ezc-france.com\/shop\/wp-json\/wp\/v2\/comments?post=359"}],"wp:featuredmedia":[{"embeddable":true,"href":"https:\/\/ezc-france.com\/shop\/wp-json\/wp\/v2\/media\/360"}],"wp:attachment":[{"href":"https:\/\/ezc-france.com\/shop\/wp-json\/wp\/v2\/media?parent=359"}],"wp:term":[{"taxonomy":"product_cat","embeddable":true,"href":"https:\/\/ezc-france.com\/shop\/wp-json\/wp\/v2\/product_cat?post=359"},{"taxonomy":"product_tag","embeddable":true,"href":"https:\/\/ezc-france.com\/shop\/wp-json\/wp\/v2\/product_tag?post=359"}],"curies":[{"name":"wp","href":"https:\/\/api.w.org\/{rel}","templated":true}]}}