{"id":395,"date":"2024-11-10T10:39:09","date_gmt":"2024-11-10T09:39:09","guid":{"rendered":"https:\/\/ezc-france.com\/shop\/produit\/mug-blanc-sui\/"},"modified":"2024-11-10T11:10:39","modified_gmt":"2024-11-10T10:10:39","slug":"mug-blanc-sui","status":"publish","type":"product","link":"https:\/\/ezc-france.com\/shop\/produit\/mug-blanc-sui\/","title":{"rendered":"Mug Blanc SUI"},"content":{"rendered":"<p>Sui te rendra ou t&rsquo;as d\u00e9j\u00e0 rendu riche? Alors d\u00e9p\u00eache toi de t&rsquo;offrir ce mug qui te rappellera tes bon choix ! Elle est robuste et brillante (comme toi) avec une impression vive qui r\u00e9sistera au four \u00e0 micro-ondes et au lave-vaisselle. <\/p>\n<p>\u2022 En c\u00e9ramique <br \/>\n\u2022 Passe au lave-vaisselle et au micro-ondes <\/p>\n","protected":false},"excerpt":{"rendered":"<p>Sui te rendra ou t&rsquo;as d\u00e9j\u00e0 rendu riche? Alors d\u00e9p\u00eache toi de t&rsquo;offrir ce mug qui te rappellera tes bon choix ! Elle est robuste et brillante (comme toi) avec une impression vive qui r\u00e9sistera au four \u00e0 micro-ondes et au lave-vaisselle. \u2022 En c\u00e9ramique \u2022 Passe au lave-vaisselle et au micro-ondes<\/p>\n","protected":false},"featured_media":396,"comment_status":"open","ping_status":"closed","template":"","meta":[],"product_cat":[20],"product_tag":[27],"class_list":{"0":"post-395","1":"product","2":"type-product","3":"status-publish","4":"has-post-thumbnail","6":"product_cat-mug","7":"product_tag-mug","9":"first","10":"instock","11":"taxable","12":"shipping-taxable","13":"purchasable","14":"product-type-simple"},"jetpack_sharing_enabled":true,"_links":{"self":[{"href":"https:\/\/ezc-france.com\/shop\/wp-json\/wp\/v2\/product\/395","targetHints":{"allow":["GET"]}}],"collection":[{"href":"https:\/\/ezc-france.com\/shop\/wp-json\/wp\/v2\/product"}],"about":[{"href":"https:\/\/ezc-france.com\/shop\/wp-json\/wp\/v2\/types\/product"}],"replies":[{"embeddable":true,"href":"https:\/\/ezc-france.com\/shop\/wp-json\/wp\/v2\/comments?post=395"}],"wp:featuredmedia":[{"embeddable":true,"href":"https:\/\/ezc-france.com\/shop\/wp-json\/wp\/v2\/media\/396"}],"wp:attachment":[{"href":"https:\/\/ezc-france.com\/shop\/wp-json\/wp\/v2\/media?parent=395"}],"wp:term":[{"taxonomy":"product_cat","embeddable":true,"href":"https:\/\/ezc-france.com\/shop\/wp-json\/wp\/v2\/product_cat?post=395"},{"taxonomy":"product_tag","embeddable":true,"href":"https:\/\/ezc-france.com\/shop\/wp-json\/wp\/v2\/product_tag?post=395"}],"curies":[{"name":"wp","href":"https:\/\/api.w.org\/{rel}","templated":true}]}}