{"id":434,"date":"2024-11-18T20:29:15","date_gmt":"2024-11-18T19:29:15","guid":{"rendered":"https:\/\/ezc-france.com\/shop\/produit\/mug-brillant-arthur-ponzi\/"},"modified":"2024-11-20T21:09:51","modified_gmt":"2024-11-20T20:09:51","slug":"mug-brillant-arthur-ponzi","status":"publish","type":"product","link":"https:\/\/ezc-france.com\/shop\/produit\/mug-brillant-arthur-ponzi\/","title":{"rendered":"Mug brillant Arthur Ponzi"},"content":{"rendered":"<p>T&rsquo;as le trading dans le sang mais le probl\u00e8me c&rsquo;est que t&rsquo;as surement autre chose dans le sang&#8230; R\u00e9sultat t&rsquo;ach\u00e8tes en haut tu vends en bas&#8230; La liquidation n&rsquo;a plus de secret pour toi? C&rsquo;est bien le mug qu&rsquo;il te faut. Ta tisane camomille te calmera quand t&rsquo;auras perdu l&rsquo;\u00e9quivalent d&rsquo;1 smic en 35 min. <\/p>\n<p>\u2022 C\u00e9ramique<br \/>\n\u2022 Fini brillant<br \/>\n\u2022 Ne passe PAS au lave-vaisselle ou au micro-ondes<br \/>\n\u2022 Lavage \u00e0 la main uniquement<\/p>\n","protected":false},"excerpt":{"rendered":"<p>T&rsquo;as le trading dans le sang mais le probl\u00e8me c&rsquo;est que t&rsquo;as surement autre chose dans le sang&#8230; R\u00e9sultat t&rsquo;ach\u00e8tes en haut tu vends en bas&#8230; La liquidation n&rsquo;a plus de secret pour toi? C&rsquo;est bien le mug qu&rsquo;il te faut. Ta tisane camomille te calmera quand t&rsquo;auras perdu l&rsquo;\u00e9quivalent d&rsquo;1 smic en 35 min. [&hellip;]<\/p>\n","protected":false},"featured_media":435,"comment_status":"open","ping_status":"closed","template":"","meta":[],"product_cat":[20],"product_tag":[27],"class_list":{"0":"post-434","1":"product","2":"type-product","3":"status-publish","4":"has-post-thumbnail","6":"product_cat-mug","7":"product_tag-mug","9":"first","10":"instock","11":"taxable","12":"shipping-taxable","13":"purchasable","14":"product-type-simple"},"jetpack_sharing_enabled":true,"_links":{"self":[{"href":"https:\/\/ezc-france.com\/shop\/wp-json\/wp\/v2\/product\/434","targetHints":{"allow":["GET"]}}],"collection":[{"href":"https:\/\/ezc-france.com\/shop\/wp-json\/wp\/v2\/product"}],"about":[{"href":"https:\/\/ezc-france.com\/shop\/wp-json\/wp\/v2\/types\/product"}],"replies":[{"embeddable":true,"href":"https:\/\/ezc-france.com\/shop\/wp-json\/wp\/v2\/comments?post=434"}],"wp:featuredmedia":[{"embeddable":true,"href":"https:\/\/ezc-france.com\/shop\/wp-json\/wp\/v2\/media\/435"}],"wp:attachment":[{"href":"https:\/\/ezc-france.com\/shop\/wp-json\/wp\/v2\/media?parent=434"}],"wp:term":[{"taxonomy":"product_cat","embeddable":true,"href":"https:\/\/ezc-france.com\/shop\/wp-json\/wp\/v2\/product_cat?post=434"},{"taxonomy":"product_tag","embeddable":true,"href":"https:\/\/ezc-france.com\/shop\/wp-json\/wp\/v2\/product_tag?post=434"}],"curies":[{"name":"wp","href":"https:\/\/api.w.org\/{rel}","templated":true}]}}