{"id":442,"date":"2024-11-19T21:09:48","date_gmt":"2024-11-19T20:09:48","guid":{"rendered":"https:\/\/ezc-france.com\/shop\/produit\/mug-brillant-guillaume-edition\/"},"modified":"2024-12-15T17:58:40","modified_gmt":"2024-12-15T16:58:40","slug":"mug-brillant-guillaume-edition","status":"publish","type":"product","link":"https:\/\/ezc-france.com\/shop\/produit\/mug-brillant-guillaume-edition\/","title":{"rendered":"Mug brillant Guillaume \u00e9dition"},"content":{"rendered":"<p>Si toi aussi ta strat\u00e9gie bien rod\u00e9e te fait vendre \u00e0 perte pour d\u00e9fiscaliser alors ce mug est fait pour toi. Tu pourras le jeter apr\u00e8s usage pour \u00e9viter de le laver. <\/p>\n<p>\u2022 C\u00e9ramique<br \/>\n\u2022 Fini brillant<br \/>\n\u2022 Ne passe PAS au lave-vaisselle ou au micro-ondes<br \/>\n\u2022 Lavage \u00e0 la main uniquement<\/p>\n","protected":false},"excerpt":{"rendered":"<p>Si toi aussi ta strat\u00e9gie bien rod\u00e9e te fait vendre \u00e0 perte pour d\u00e9fiscaliser alors ce mug est fait pour toi. Tu pourras le jeter apr\u00e8s usage pour \u00e9viter de le laver. \u2022 C\u00e9ramique \u2022 Fini brillant \u2022 Ne passe PAS au lave-vaisselle ou au micro-ondes \u2022 Lavage \u00e0 la main uniquement<\/p>\n","protected":false},"featured_media":443,"comment_status":"open","ping_status":"closed","template":"","meta":[],"product_cat":[20],"product_tag":[27],"class_list":{"0":"post-442","1":"product","2":"type-product","3":"status-publish","4":"has-post-thumbnail","6":"product_cat-mug","7":"product_tag-mug","9":"first","10":"instock","11":"taxable","12":"shipping-taxable","13":"purchasable","14":"product-type-simple"},"jetpack_sharing_enabled":true,"_links":{"self":[{"href":"https:\/\/ezc-france.com\/shop\/wp-json\/wp\/v2\/product\/442","targetHints":{"allow":["GET"]}}],"collection":[{"href":"https:\/\/ezc-france.com\/shop\/wp-json\/wp\/v2\/product"}],"about":[{"href":"https:\/\/ezc-france.com\/shop\/wp-json\/wp\/v2\/types\/product"}],"replies":[{"embeddable":true,"href":"https:\/\/ezc-france.com\/shop\/wp-json\/wp\/v2\/comments?post=442"}],"wp:featuredmedia":[{"embeddable":true,"href":"https:\/\/ezc-france.com\/shop\/wp-json\/wp\/v2\/media\/443"}],"wp:attachment":[{"href":"https:\/\/ezc-france.com\/shop\/wp-json\/wp\/v2\/media?parent=442"}],"wp:term":[{"taxonomy":"product_cat","embeddable":true,"href":"https:\/\/ezc-france.com\/shop\/wp-json\/wp\/v2\/product_cat?post=442"},{"taxonomy":"product_tag","embeddable":true,"href":"https:\/\/ezc-france.com\/shop\/wp-json\/wp\/v2\/product_tag?post=442"}],"curies":[{"name":"wp","href":"https:\/\/api.w.org\/{rel}","templated":true}]}}