{"id":540,"date":"2024-11-27T19:34:55","date_gmt":"2024-11-27T18:34:55","guid":{"rendered":"https:\/\/ezc-france.com\/shop\/?post_type=product&#038;p=540"},"modified":"2025-01-01T12:15:05","modified_gmt":"2025-01-01T11:15:05","slug":"lanalyse-technique-par-ezc-lintegrale","status":"publish","type":"product","link":"https:\/\/ezc-france.com\/shop\/produit\/lanalyse-technique-par-ezc-lintegrale\/","title":{"rendered":"L&rsquo;analyse technique par EZC \u00ab\u00a0L&rsquo;int\u00e9grale\u00a0\u00bb"},"content":{"rendered":"<p class=\"p1\"><b>L\u2019AT par EZC Volume int\u00e9gral<\/b> regroupe les six premiers modules essentiels pour ma\u00eetriser l\u2019analyse technique. Du contenu riche et d\u00e9taill\u00e9, cette int\u00e9grale couvre tout ce qu\u2019il faut savoir pour \u00e9voluer dans le monde du trading. Vous explorerez des sujets vari\u00e9s : les bases du chartisme, les figures chartistes, les patterns de bougies japonaises, et les indicateurs techniques. Chaque module est con\u00e7u pour \u00eatre progressif, m\u00ealant th\u00e9orie et pratique, afin de vous guider pas \u00e0 pas vers l\u2019autonomie.<\/p>\n<p class=\"p1\">Cette collection vous permet de comprendre les tendances, anticiper les retournements, et optimiser vos prises de d\u00e9cision sur les march\u00e9s. Que vous soyez d\u00e9butant ou en qu\u00eate de perfectionnement, cette int\u00e9grale est un v\u00e9ritable guide pour d\u00e9velopper une strat\u00e9gie solide.<\/p>\n<p class=\"p1\"><em>Pour celles et ceux qui ont achet\u00e9 les modules \u00e0 l\u2019unit\u00e9, nous pouvons, sur pr\u00e9sentation des justificatifs, vous fournir l\u2019int\u00e9grale sur demande.<\/em><\/p>\n<p><span style=\"color: #ffffff;\"><em>Toutes les formations <strong>EZ<\/strong><span style=\"color: #ff9900;\"><strong>C<\/strong>\u00a0<\/span>sont <strong>faites \u00e0 la main<\/strong>, avec amour\u2764\ufe0f et par des humains (nous). L&rsquo;IA a pu \u00eatre utilis\u00e9e pour am\u00e9liorer certaines tournures de phrases mais en aucun cas pour cr\u00e9er ce produit.<\/em><\/span><\/p>\n<p>&nbsp;<\/p>\n","protected":false},"excerpt":{"rendered":"<p class=\"p1\"><b>L\u2019AT par EZC Volume int\u00e9gral<\/b> : la combinaison des six modules complets pour ma\u00eetriser les bases du trading, des figures chartistes aux indicateurs techniques. Parfait pour progresser et affiner votre strat\u00e9gie.<\/p>\n<p><strong>Vous pouvez acqu\u00e9rir les modules de ce guide int\u00e9gral \u00e0 l&rsquo;unit\u00e9.\u00a0<\/strong><\/p>\n<p class=\"p1\"><strong>[e-book t\u00e9l\u00e9chargeable]<\/strong><\/p>\n<p><strong><a href=\"https:\/\/ezc-france.com\/shop\/495-2\/\" target=\"_blank\" rel=\"noopener\">Disclaimer<\/a><\/strong><\/p>\n","protected":false},"featured_media":517,"comment_status":"open","ping_status":"closed","template":"","meta":[],"product_cat":[16],"product_tag":[17],"class_list":{"0":"post-540","1":"product","2":"type-product","3":"status-publish","4":"has-post-thumbnail","6":"product_cat-formation","7":"product_tag-formation","9":"first","10":"instock","11":"downloadable","12":"virtual","13":"taxable","14":"purchasable","15":"product-type-simple"},"jetpack_sharing_enabled":true,"_links":{"self":[{"href":"https:\/\/ezc-france.com\/shop\/wp-json\/wp\/v2\/product\/540","targetHints":{"allow":["GET"]}}],"collection":[{"href":"https:\/\/ezc-france.com\/shop\/wp-json\/wp\/v2\/product"}],"about":[{"href":"https:\/\/ezc-france.com\/shop\/wp-json\/wp\/v2\/types\/product"}],"replies":[{"embeddable":true,"href":"https:\/\/ezc-france.com\/shop\/wp-json\/wp\/v2\/comments?post=540"}],"wp:featuredmedia":[{"embeddable":true,"href":"https:\/\/ezc-france.com\/shop\/wp-json\/wp\/v2\/media\/517"}],"wp:attachment":[{"href":"https:\/\/ezc-france.com\/shop\/wp-json\/wp\/v2\/media?parent=540"}],"wp:term":[{"taxonomy":"product_cat","embeddable":true,"href":"https:\/\/ezc-france.com\/shop\/wp-json\/wp\/v2\/product_cat?post=540"},{"taxonomy":"product_tag","embeddable":true,"href":"https:\/\/ezc-france.com\/shop\/wp-json\/wp\/v2\/product_tag?post=540"}],"curies":[{"name":"wp","href":"https:\/\/api.w.org\/{rel}","templated":true}]}}